{"id":433,"date":"2024-03-21T21:47:56","date_gmt":"2024-03-21T21:47:56","guid":{"rendered":"https:\/\/radiocomercial.cv\/?page_id=433"},"modified":"2024-10-02T11:29:44","modified_gmt":"2024-10-02T11:29:44","slug":"domingo","status":"publish","type":"page","link":"https:\/\/radiocomercial.cv\/?page_id=433","title":{"rendered":"Domingo"},"content":{"rendered":"\n<figure class=\"wp-block-table\"><table><thead><tr><th class=\"has-text-align-left\" data-align=\"left\">Hor\u00e1rio<\/th><th class=\"has-text-align-left\" data-align=\"left\">Programa\u00e7\u00e3o<\/th><\/tr><\/thead><tbody><tr><td class=\"has-text-align-left\" data-align=\"left\">07:30<\/td><td class=\"has-text-align-left\" data-align=\"left\">Publicidade e agenda de Inf.<\/td><\/tr><tr><td class=\"has-text-align-left\" data-align=\"left\">07:55<\/td><td class=\"has-text-align-left\" data-align=\"left\">M\u00fasicas diversas<\/td><\/tr><tr><td class=\"has-text-align-left\" data-align=\"left\">08:00<\/td><td class=\"has-text-align-left\" data-align=\"left\">M\u00fasicas diversas<\/td><\/tr><tr><td class=\"has-text-align-left\" data-align=\"left\">08:30<\/td><td class=\"has-text-align-left\" data-align=\"left\">Hor\u00f3scopo<\/td><\/tr><tr><td class=\"has-text-align-left\" data-align=\"left\">08:45<\/td><td class=\"has-text-align-left\" data-align=\"left\">M\u00fasicas diversas<\/td><\/tr><tr><td class=\"has-text-align-left\" data-align=\"left\">08:55<\/td><td class=\"has-text-align-left\" data-align=\"left\">M\u00fasicas diversas<\/td><\/tr><tr><td class=\"has-text-align-left\" data-align=\"left\">09:00<\/td><td class=\"has-text-align-left\" data-align=\"left\">Palavra de Hoje<\/td><\/tr><tr><td class=\"has-text-align-left\" data-align=\"left\">09:20<\/td><td class=\"has-text-align-left\" data-align=\"left\">Publicidade<\/td><\/tr><tr><td class=\"has-text-align-left\" data-align=\"left\">09:40<\/td><td class=\"has-text-align-left\" data-align=\"left\">Publicidade<\/td><\/tr><tr><td class=\"has-text-align-left\" data-align=\"left\">10:00<\/td><td class=\"has-text-align-left\" data-align=\"left\">M\u00fasicas diversas<\/td><\/tr><tr><td class=\"has-text-align-left\" data-align=\"left\">11:00<\/td><td class=\"has-text-align-left\" data-align=\"left\">M\u00fasicas diversas<\/td><\/tr><tr><td class=\"has-text-align-left\" data-align=\"left\">11:20<\/td><td class=\"has-text-align-left\" data-align=\"left\">Data Comemorativa<\/td><\/tr><tr><td class=\"has-text-align-left\" data-align=\"left\">11:30<\/td><td class=\"has-text-align-left\" data-align=\"left\">M\u00fasicas diversas<\/td><\/tr><tr><td class=\"has-text-align-left\" data-align=\"left\">11:40<\/td><td class=\"has-text-align-left\" data-align=\"left\">Publicidade<\/td><\/tr><tr><td class=\"has-text-align-left\" data-align=\"left\">12:10<\/td><td class=\"has-text-align-left\" data-align=\"left\" rowspan=\"5\">Sec\u00e7\u00e3o da m\u00fasica c\/Steve (reposi\u00e7\u00e3o)<\/td><\/tr><tr><td class=\"has-text-align-left\" data-align=\"left\">12:30<\/td><\/tr><tr><td class=\"has-text-align-left\" data-align=\"left\">12:40<\/td><\/tr><tr><td class=\"has-text-align-left\" data-align=\"left\">12h47<\/td><\/tr><tr><td class=\"has-text-align-left\" data-align=\"left\">13:00<\/td><\/tr><tr><td class=\"has-text-align-left\" data-align=\"left\">13:30<\/td><td class=\"has-text-align-left\" data-align=\"left\">Agenda, Inf. e&nbsp; Publicidade<\/td><\/tr><tr><td class=\"has-text-align-left\" data-align=\"left\">13:35<\/td><td class=\"has-text-align-left\" data-align=\"left\" rowspan=\"3\">M\u00fasicas diversas<\/td><\/tr><tr><td class=\"has-text-align-left\" data-align=\"left\">&nbsp;<\/td><\/tr><tr><td class=\"has-text-align-left\" data-align=\"left\">14:00<\/td><\/tr><tr><td class=\"has-text-align-left\" data-align=\"left\">14:20<\/td><td class=\"has-text-align-left\" data-align=\"left\">Publicidade<\/td><\/tr><tr><td class=\"has-text-align-left\" data-align=\"left\">15:00<\/td><td class=\"has-text-align-left\" data-align=\"left\">Afrikando Mixed <\/td><\/tr><tr><td class=\"has-text-align-left\" data-align=\"left\">15:20<\/td><td class=\"has-text-align-left\" data-align=\"left\">Publicidade e agenda de Inf.<\/td><\/tr><tr><td class=\"has-text-align-left\" data-align=\"left\">15:35<\/td><td class=\"has-text-align-left\" data-align=\"left\">M\u00fasicas diversas<\/td><\/tr><tr><td class=\"has-text-align-left\" data-align=\"left\">15:55<\/td><td class=\"has-text-align-left\" data-align=\"left\">Data comemorativa<\/td><\/tr><tr><td class=\"has-text-align-left\" data-align=\"left\">16:00<\/td><td class=\"has-text-align-left\" data-align=\"left\">Pikinoti<\/td><\/tr><tr><td class=\"has-text-align-left\" data-align=\"left\">16:10<\/td><td class=\"has-text-align-left\" data-align=\"left\">Publicidade<\/td><\/tr><tr><td class=\"has-text-align-left\" data-align=\"left\">16:40<\/td><td class=\"has-text-align-left\" data-align=\"left\">Publicidade<\/td><\/tr><tr><td class=\"has-text-align-left\" data-align=\"left\">16:55<\/td><td class=\"has-text-align-left\" data-align=\"left\" rowspan=\"2\">M\u00fasicas diversas<\/td><\/tr><tr><td class=\"has-text-align-left\" data-align=\"left\">17:00<\/td><\/tr><tr><td class=\"has-text-align-left\" data-align=\"left\">17:20<\/td><td class=\"has-text-align-left\" data-align=\"left\">Publicidade<\/td><\/tr><tr><td class=\"has-text-align-left\" data-align=\"left\">17:40<\/td><td class=\"has-text-align-left\" data-align=\"left\">Publicidade<\/td><\/tr><tr><td class=\"has-text-align-left\" data-align=\"left\">18:00<\/td><td class=\"has-text-align-left\" data-align=\"left\">M\u00fasicas diversas<\/td><\/tr><tr><td class=\"has-text-align-left\" data-align=\"left\">18:30<\/td><td class=\"has-text-align-left\" data-align=\"left\">Publicidade e agenda de Inf.<\/td><\/tr><tr><td class=\"has-text-align-left\" data-align=\"left\">18:45<\/td><td class=\"has-text-align-left\" data-align=\"left\">reposi\u00e7\u00e3o de Ci\u00eancia&nbsp; Tecnologia<\/td><\/tr><tr><td class=\"has-text-align-left\" data-align=\"left\">19:05<\/td><td class=\"has-text-align-left\" data-align=\"left\">&nbsp;<\/td><\/tr><tr><td class=\"has-text-align-left\" data-align=\"left\">19:10<\/td><td class=\"has-text-align-left\" data-align=\"left\">Publicidade e agenda de Inf.<\/td><\/tr><tr><td class=\"has-text-align-left\" data-align=\"left\">19:15<\/td><td class=\"has-text-align-left\" data-align=\"left\"><\/td><\/tr><tr><td class=\"has-text-align-left\" data-align=\"left\">19:30<\/td><td class=\"has-text-align-left\" data-align=\"left\"><\/td><\/tr><tr><td class=\"has-text-align-left\" data-align=\"left\">20:30<\/td><td class=\"has-text-align-left\" data-align=\"left\">M\u00fasicas diversas<\/td><\/tr><tr><td class=\"has-text-align-left\" data-align=\"left\">22:00<\/td><td class=\"has-text-align-left\" data-align=\"left\">&nbsp;Super Kizomba<\/td><\/tr><\/tbody><\/table><\/figure>\n","protected":false},"excerpt":{"rendered":"<p>Hor\u00e1rio Programa\u00e7\u00e3o 07:30 Publicidade e agenda de Inf. 07:55 M\u00fasicas diversas 08:00 M\u00fasicas diversas 08:30 Hor\u00f3scopo 08:45 M\u00fasicas diversas 08:55 M\u00fasicas diversas 09:00 Palavra de Hoje 09:20 Publicidade 09:40 Publicidade 10:00 M\u00fasicas diversas 11:00 M\u00fasicas diversas 11:20 Data Comemorativa 11:30 M\u00fasicas diversas 11:40 Publicidade 12:10 Sec\u00e7\u00e3o da m\u00fasica c\/Steve (reposi\u00e7\u00e3o) 12:30 12:40 12h47 13:00 13:30<br \/><a class=\"moretag\" href=\"https:\/\/radiocomercial.cv\/?page_id=433\">+ Read More<\/a><\/p>\n","protected":false},"author":1,"featured_media":0,"parent":0,"menu_order":0,"comment_status":"closed","ping_status":"closed","template":"templates\/page-fullwidth_template.php","meta":{"footnotes":""},"class_list":["post-433","page","type-page","status-publish","hentry"],"featured_image_src":false,"featured_image_src_square":false,"rbea_author_info":{"display_name":"admin","author_link":"https:\/\/radiocomercial.cv\/?author=1"},"rbea_excerpt_info":"Hor\u00e1rio Programa\u00e7\u00e3o 07:30 Publicidade e agenda de Inf. 07:55 M\u00fasicas diversas 08:00 M\u00fasicas diversas 08:30 Hor\u00f3scopo 08:45 M\u00fasicas diversas 08:55 M\u00fasicas diversas 09:00 Palavra de Hoje 09:20 Publicidade 09:40 Publicidade 10:00 M\u00fasicas diversas 11:00 M\u00fasicas diversas 11:20 Data Comemorativa 11:30 M\u00fasicas diversas 11:40 Publicidade 12:10 Sec\u00e7\u00e3o da m\u00fasica c\/Steve (reposi\u00e7\u00e3o) 12:30 12:40 12h47 13:00 13:30<br><a class=\"moretag\" href=\"https:\/\/radiocomercial.cv\/?page_id=433\">+ Read More<\/a>","_links":{"self":[{"href":"https:\/\/radiocomercial.cv\/index.php?rest_route=\/wp\/v2\/pages\/433","targetHints":{"allow":["GET"]}}],"collection":[{"href":"https:\/\/radiocomercial.cv\/index.php?rest_route=\/wp\/v2\/pages"}],"about":[{"href":"https:\/\/radiocomercial.cv\/index.php?rest_route=\/wp\/v2\/types\/page"}],"author":[{"embeddable":true,"href":"https:\/\/radiocomercial.cv\/index.php?rest_route=\/wp\/v2\/users\/1"}],"replies":[{"embeddable":true,"href":"https:\/\/radiocomercial.cv\/index.php?rest_route=%2Fwp%2Fv2%2Fcomments&post=433"}],"version-history":[{"count":3,"href":"https:\/\/radiocomercial.cv\/index.php?rest_route=\/wp\/v2\/pages\/433\/revisions"}],"predecessor-version":[{"id":1555,"href":"https:\/\/radiocomercial.cv\/index.php?rest_route=\/wp\/v2\/pages\/433\/revisions\/1555"}],"wp:attachment":[{"href":"https:\/\/radiocomercial.cv\/index.php?rest_route=%2Fwp%2Fv2%2Fmedia&parent=433"}],"curies":[{"name":"wp","href":"https:\/\/api.w.org\/{rel}","templated":true}]}}