{"id":442,"date":"2024-03-21T21:55:05","date_gmt":"2024-03-21T21:55:05","guid":{"rendered":"https:\/\/radiocomercial.cv\/?page_id=442"},"modified":"2025-02-05T13:55:59","modified_gmt":"2025-02-05T13:55:59","slug":"programacao-2","status":"publish","type":"page","link":"https:\/\/radiocomercial.cv\/?page_id=442","title":{"rendered":"Programa\u00e7\u00e3o"},"content":{"rendered":"\n<figure class=\"wp-block-table\"><table><thead><tr><th>Hor\u00e1rio<\/th><th>Segunda<\/th><th>Ter\u00e7a<\/th><th>Quarta<\/th><th>Quinta<\/th><th>Sexta<\/th><th>S\u00e1bado<\/th><th>Domingo<\/th><\/tr><\/thead><tbody><tr><td>07:30<\/td><td>Publicidade e agenda de Inf.<\/td><td>Publicidade e agenda de Inf.<\/td><td>Publicidade e agenda de Inf.<\/td><td>Publicidade e agenda de Inf.<\/td><td>Publicidade e agenda de Inf.<\/td><td>Publicidade e agenda de Inf.<\/td><td>Publicidade e agenda de Inf.<\/td><\/tr><tr><td>07:55<\/td><td>Momento Gospel<\/td><td>Momento Gospel<\/td><td>Momento Gospel<\/td><td>Momento Gospel<\/td><td>Momento Gospel<\/td><td>Momento Gospel<\/td><td>Musicas diversas<\/td><\/tr><tr><td>08:00<\/td><td>Jornal da Manh\u00e3 (Mundo \u00e0s 8)<\/td><td>Mundo \u00e0s 8<\/td><td>Mundo \u00e0s 8<\/td><td>Mundo \u00e0s 8<\/td><td>Mundo \u00e0s 8<\/td><td>Musicas Diversas<\/td><td>Musicas diversas<\/td><\/tr><tr><td>08:30<\/td><td rowspan=\"3\">Caminho de \u00c9maus<\/td><td rowspan=\"3\">Caminho de \u00c9maus<\/td><td>Musicas diversas<\/td><td>Musicas diversas<\/td><td>Musicas diversas<\/td><td>Horoscopo<\/td><td>Horoscopo<\/td><\/tr><tr><td>08:45<\/td><td>Farmacia<\/td><td>Farmacia<\/td><td>Farmacia<\/td><td>Farmacia<\/td><td>Musicas diversas<\/td><\/tr><tr><td>08:55<\/td><td>Santo do dia<\/td><td>Santo do dia<\/td><td>Santo do dia<\/td><td>Santo do Dia<\/td><td>Musicas diversas<\/td><\/tr><tr><td>09:00<\/td><td>Espa\u00e7o dedicat\u00f3ria<\/td><td>Espa\u00e7o dedicat\u00f3ria<\/td><td>Espa\u00e7o dedicat\u00f3ria<\/td><td>Espa\u00e7o dedicat\u00f3ria<\/td><td>Espa\u00e7o dedicat\u00f3ria<\/td><td>Pikinoti<\/td><td>Palavra de Hoje<\/td><\/tr><tr><td>09:20<\/td><td>Publicidade<\/td><td>Publicidade<\/td><td>Publicidade<\/td><td>Publicidade<\/td><td>Publicidade<\/td><td>Publicidade<\/td><td>Publicidade<\/td><\/tr><tr><td>09:40<\/td><td>Publicidade<\/td><td>Publicidade<\/td><td>Publicidade<\/td><td>Publicidade<\/td><td>Publicidade<\/td><td>Publicidade<\/td><td>Publicidade<\/td><\/tr><tr><td>10:00<\/td><td>Anima\u00e7\u00e3o Dj Djodjo<\/td><td>Anima\u00e7\u00e3o Dj Djodjo<\/td><td>Anima\u00e7\u00e3o Dj Djodjo<\/td><td>Anima\u00e7\u00e3o Dj Djodjo<\/td><td>Anima\u00e7\u00e3o Dj Djodjo<\/td><td rowspan=\"5\">Sec\u00e7\u00e3o da Musica (Stivi Andrade)<\/td><td>Musicas diversas<\/td><\/tr><tr><td>11:00<\/td><td>Show Time<\/td><td>Show Time<\/td><td>Show Time<\/td><td>Show Time<\/td><td>Show Time<\/td><td>Musicas diversas<\/td><\/tr><tr><td>11:20<\/td><td>Show Time<\/td><td>Show Time<\/td><td>Show Time<\/td><td>Show Time<\/td><td>Show Time<\/td><td>Data Comemorativa<\/td><\/tr><tr><td>11:30<\/td><td>Publicidade e agenda de Inf.<\/td><td>Publicidade e agenda de Inf.<\/td><td>Publicidade e agenda de Inf.<\/td><td>Publicidade e agenda de Inf.<\/td><td>Publicidade e agenda de Inf.<\/td><td>Musicas diversas<\/td><\/tr><tr><td>11:40<\/td><td>Publicidade<\/td><td>Publicidade<\/td><td>Publicidade<\/td><td>Publicidade<\/td><td>Publicidade<\/td><td>Publicidade<\/td><\/tr><tr><td>12:10<\/td><td>Show Time<\/td><td>Show Time<\/td><td>Show Time<\/td><td>Show Time<\/td><td>Show Time<\/td><td>Reposi\u00e7\u00e3o do Santo do dia<\/td><td rowspan=\"5\">reposi\u00e7\u00e3o Sec\u00e7\u00e3o da musica c\/Steve<\/td><\/tr><tr><td>12:30<\/td><td>Agenda, Inf. e&nbsp; Publicidade<\/td><td>Agenda, Inf. e&nbsp; Publicidade<\/td><td>Agenda, Inf. e&nbsp; Publicidade<\/td><td>Agenda, Inf. e&nbsp; Publicidade<\/td><td>Agenda, Inf. e&nbsp; Publicidade<\/td><td>Agenda, Inf. e&nbsp; Publicidade<\/td><\/tr><tr><td>12:40<\/td><td>Agenda, Inf. e&nbsp; Publicidade<\/td><td>Agenda, Inf. e&nbsp; Publicidade<\/td><td>Agenda, Inf. e&nbsp; Publicidade<\/td><td>Agenda, Inf. e&nbsp; Publicidade<\/td><td>Agenda, Inf. e&nbsp; Publicidade<\/td><td>Agenda, Inf. e&nbsp; Publicidade<\/td><\/tr><tr><td>12h47<\/td><td>Ci\u00eancia e Tecnologia<\/td><td>Ci\u00eancia e Tecnologia<\/td><td>Ci\u00eancia e Tecnologia<\/td><td>Ci\u00eancia e Tecnologia<\/td><td>Ci\u00eancia e Tecnologia<\/td><td>Ci\u00eancia e Tecnologia<\/td><\/tr><tr><td>13:00<\/td><td>Jornal da tarde<\/td><td>Jornal da tarde<\/td><td>Jornal da tarde<\/td><td>Jornal da tarde<\/td><td>Jornal da tarde<\/td><td>Jornal da tarde<\/td><\/tr><tr><td>13:30<\/td><td>Agenda, Inf. e&nbsp; Publicidade<\/td><td>Agenda, Inf. e&nbsp; Publicidade<\/td><td>Agenda, Inf. e&nbsp; Publicidade<\/td><td>Agenda, Inf. e&nbsp; Publicidade<\/td><td>Agenda, Inf. e&nbsp; Publicidade<\/td><td>Agenda, Inf. e&nbsp; Publicidade<\/td><td>Agenda, Inf. e&nbsp; Publicidade<\/td><\/tr><tr><td>13:35<\/td><td>Desporto&nbsp; (TSF)<\/td><td>Desporto (TSF)<\/td><td>Desporto (TSF)<\/td><td>Desporto (TSF)<\/td><td>Desporto (TSF)<\/td><td>Musicas Diversas<\/td><td rowspan=\"3\">Musicas diversas<\/td><\/tr><tr><td>&nbsp;<\/td><td>&nbsp;<\/td><td>&nbsp;<\/td><td>&nbsp;<\/td><td>&nbsp;<\/td><td>&nbsp;<\/td><td>Musicas Diversas<\/td><\/tr><tr><td>14:00<\/td><td>Musica M\u00e1xima<\/td><td>Musica M\u00e1xima<\/td><td>Musica M\u00e1xima<\/td><td>Musica M\u00e1xima<\/td><td>Musica M\u00e1xima<\/td><td>Musicas Diversas<\/td><\/tr><tr><td>14:20<\/td><td>Publicidade<\/td><td>Publicidade<\/td><td>Publicidade<\/td><td>Publicidade<\/td><td>Publicidade<\/td><td>Publicidade<\/td><td>Publicidade<\/td><\/tr><tr><td>15:00<\/td><td>Reposi\u00e7\u00e3o Jornal da tarde<\/td><td>Reposi\u00e7\u00e3o Jornal da tarde<\/td><td>Reposi\u00e7\u00e3o Jornal da tarde<\/td><td>Reposi\u00e7\u00e3o Jornal da tarde<\/td><td>Reposi\u00e7\u00e3o Jornal da tarde<\/td><td>Reposi\u00e7\u00e3o Jornal da tarde<\/td><td>Musicas diversas<\/td><\/tr><tr><td>15:20<\/td><td>Publicidade e agenda de Inf.<\/td><td>Publicidade e agenda de Inf.<\/td><td>Publicidade e agenda de Inf.<\/td><td>Publicidade e agenda de Inf.<\/td><td>Publicidade e agenda de Inf.<\/td><td>Publicidade e agenda de Inf.<\/td><td>Publicidade e agenda de Inf.<\/td><\/tr><tr><td>15:35<\/td><td>Desporto<\/td><td>Desporto<\/td><td>Desporto<\/td><td>Desporto<\/td><td>Desporto<\/td><td>Musicas diversas<\/td><td>Musicas diversas<\/td><\/tr><tr><td>15:55<\/td><td>Data comemorativa<\/td><td>Data comemorativa<\/td><td>Data comemorativa<\/td><td>Data comemorativa<\/td><td>Data comemorativa<\/td><td>Data comemorativa<\/td><td>Data comemorativa<\/td><\/tr><tr><td>16:00<\/td><td>Tarde R\u00e1dio Comercial<\/td><td>Tarde R\u00e1dio Comercial<\/td><td>Tarde R\u00e1dio Comercial<\/td><td>Tarde R\u00e1dio Comercial<\/td><td>Tarde R\u00e1dio Comercial<\/td><td>Musicas diversas<\/td><td>Pikinoti<\/td><\/tr><tr><td>16:10<\/td><td>Publicidade<\/td><td>Publicidade<\/td><td>Publicidade<\/td><td>Publicidade<\/td><td>Publicidade<\/td><td>Publicidade<\/td><td>Publicidade<\/td><\/tr><tr><td>16:40<\/td><td>Publicidade<\/td><td>Publicidade<\/td><td>Publicidade<\/td><td>Publicidade<\/td><td>Publicidade<\/td><td>Publicidade<\/td><td>Publicidade<\/td><\/tr><tr><td>16:55<\/td><td>Flash de noticia<\/td><td>Flash de noticia<\/td><td>Flash de noticia<\/td><td>Flash de noticia<\/td><td>Flash de noticia<\/td><td rowspan=\"2\">Ant\u00f3nio Costa show<\/td><td rowspan=\"2\">Musicas diversas<\/td><\/tr><tr><td>17:00<\/td><td>Top 9<\/td><td>Top 9<\/td><td>Top 9<\/td><td>Top 9<\/td><td>Top 9<\/td><\/tr><tr><td>17:20<\/td><td>Publicidade<\/td><td>Publicidade<\/td><td>Publicidade<\/td><td>Publicidade<\/td><td>Publicidade<\/td><td>Publicidade<\/td><td>Publicidade<\/td><\/tr><tr><td>17:40<\/td><td>Publicidade<\/td><td>Publicidade<\/td><td>Publicidade<\/td><td>Publicidade<\/td><td>Publicidade<\/td><td>Publicidade<\/td><td>Publicidade<\/td><\/tr><tr><td>18:00<\/td><td>Atrav\u00e9s da Biblia<\/td><td>Atrav\u00e9s da Biblia<\/td><td>Atrav\u00e9s da Biblia<\/td><td>Atrav\u00e9s da Biblia<\/td><td>Atrav\u00e9s da Biblia<\/td><td>Palavra de Hoje<\/td><td>Musicas diversas<\/td><\/tr><tr><td>18:30<\/td><td>Publicidade e agenda de Inf.<\/td><td>Publicidade e agenda de Inf.<\/td><td>Publicidade e agenda de Inf.<\/td><td>Publicidade e agenda de Inf.<\/td><td>Programa profeta Unildo Monteiro<\/td><td>Publicidade e agenda de Inf.<\/td><td>Publicidade e agenda de Inf.<\/td><\/tr><tr><td>18:45<\/td><td>reposi\u00e7\u00e3o de Ci\u00eancia&nbsp; Tecnologia<\/td><td>reposi\u00e7\u00e3o de Ci\u00eancia&nbsp; Tecnologia<\/td><td>reposi\u00e7\u00e3o de Ci\u00eancia&nbsp; Tecnologia<\/td><td>reposi\u00e7\u00e3o de Ci\u00eancia&nbsp; Tecnologia<\/td><td>reposi\u00e7\u00e3o de Ci\u00eancia&nbsp; Tecnologia<\/td><td>reposi\u00e7\u00e3o de Ci\u00eancia&nbsp; Tecnologia<\/td><td>reposi\u00e7\u00e3o de Ci\u00eancia&nbsp; Tecnologia<\/td><\/tr><tr><td>19:05<\/td><td>reposi\u00e7\u00e3o de Farm\u00e1cia<\/td><td>reposi\u00e7\u00e3o de Farm\u00e1cia<\/td><td>reposi\u00e7\u00e3o de Farm\u00e1cia<\/td><td>reposi\u00e7\u00e3o de Farm\u00e1cia<\/td><td>reposi\u00e7\u00e3o de Farm\u00e1cia<\/td><td>reposi\u00e7\u00e3o de Farm\u00e1cia<\/td><td>&nbsp;<\/td><\/tr><tr><td>19:10<\/td><td>Publicidade e agenda de Inf.<\/td><td>Publicidade e agenda de Inf.<\/td><td>Publicidade e agenda de Inf.<\/td><td>Publicidade e agenda de Inf.<\/td><td>Publicidade e agenda de Inf.<\/td><td>Publicidade e agenda de Inf.<\/td><td>Publicidade e agenda de Inf.<\/td><\/tr><tr><td>19:15<\/td><td>Desporto&nbsp; (TSF)<\/td><td>Desporto&nbsp; (TSF)<\/td><td>Desporto&nbsp; (TSF)<\/td><td>Desporto&nbsp; (TSF)<\/td><td>Desporto&nbsp; (TSF)<\/td><td>\u2026<\/td><td>\u2026<\/td><\/tr><tr><td>19:30<\/td><td>&nbsp;&nbsp;Voz de Am\u00e9rica (VOA)<\/td><td>&nbsp;&nbsp;Voz de Am\u00e9rica (VOA)<\/td><td>&nbsp;&nbsp;Voz de Am\u00e9rica (VOA)<\/td><td>&nbsp;&nbsp;Voz de Am\u00e9rica (VOA)<\/td><td>Voz de Isl\u00e3<\/td><td>&#8230;<\/td><td>\u2026<\/td><\/tr><tr><td>20:30<\/td><td>Fala Cora\u00e7\u00e3o<\/td><td>Fala Cora\u00e7\u00e3o<\/td><td>Fala Cora\u00e7\u00e3o<\/td><td>Fala Cora\u00e7\u00e3o<\/td><td>Fala Cora\u00e7\u00e3o<\/td><td>Musicas diversas<\/td><td>Musicas diversas<\/td><\/tr><tr><td>21:35<br><br>22:00<br><br>23:00<\/td><td colspan=\"5\"><br>Voz de Isl\u00e3 (reposi\u00e7\u00e3o)<br><br>Super Kizomba c\/ DJ Jo\u00e3o Pessoa<br><br>                                                       reposi\u00e7\u00e3o Sec\u00e7\u00e3o da musica c\/Steve<\/td><td><\/td><td>&nbsp;<\/td><\/tr><\/tbody><\/table><\/figure>\n\n\n\n<p><\/p>\n","protected":false},"excerpt":{"rendered":"<p>Hor\u00e1rio Segunda Ter\u00e7a Quarta Quinta Sexta S\u00e1bado Domingo 07:30 Publicidade e agenda de Inf. Publicidade e agenda de Inf. Publicidade e agenda de Inf. Publicidade e agenda de Inf. Publicidade e agenda de Inf. Publicidade e agenda de Inf. Publicidade e agenda de Inf. 07:55 Momento Gospel Momento Gospel Momento Gospel Momento Gospel Momento Gospel<br \/><a class=\"moretag\" href=\"https:\/\/radiocomercial.cv\/?page_id=442\">+ Read More<\/a><\/p>\n","protected":false},"author":1,"featured_media":0,"parent":0,"menu_order":0,"comment_status":"closed","ping_status":"closed","template":"templates\/page-fullwidth_template.php","meta":{"footnotes":""},"class_list":["post-442","page","type-page","status-publish","hentry"],"featured_image_src":false,"featured_image_src_square":false,"rbea_author_info":{"display_name":"admin","author_link":"https:\/\/radiocomercial.cv\/?author=1"},"rbea_excerpt_info":"Hor\u00e1rio Segunda Ter\u00e7a Quarta Quinta Sexta S\u00e1bado Domingo 07:30 Publicidade e agenda de Inf. Publicidade e agenda de Inf. Publicidade e agenda de Inf. Publicidade e agenda de Inf. Publicidade e agenda de Inf. Publicidade e agenda de Inf. Publicidade e agenda de Inf. 07:55 Momento Gospel Momento Gospel Momento Gospel Momento Gospel Momento Gospel<br><a class=\"moretag\" href=\"https:\/\/radiocomercial.cv\/?page_id=442\">+ Read More<\/a>","_links":{"self":[{"href":"https:\/\/radiocomercial.cv\/index.php?rest_route=\/wp\/v2\/pages\/442","targetHints":{"allow":["GET"]}}],"collection":[{"href":"https:\/\/radiocomercial.cv\/index.php?rest_route=\/wp\/v2\/pages"}],"about":[{"href":"https:\/\/radiocomercial.cv\/index.php?rest_route=\/wp\/v2\/types\/page"}],"author":[{"embeddable":true,"href":"https:\/\/radiocomercial.cv\/index.php?rest_route=\/wp\/v2\/users\/1"}],"replies":[{"embeddable":true,"href":"https:\/\/radiocomercial.cv\/index.php?rest_route=%2Fwp%2Fv2%2Fcomments&post=442"}],"version-history":[{"count":3,"href":"https:\/\/radiocomercial.cv\/index.php?rest_route=\/wp\/v2\/pages\/442\/revisions"}],"predecessor-version":[{"id":1905,"href":"https:\/\/radiocomercial.cv\/index.php?rest_route=\/wp\/v2\/pages\/442\/revisions\/1905"}],"wp:attachment":[{"href":"https:\/\/radiocomercial.cv\/index.php?rest_route=%2Fwp%2Fv2%2Fmedia&parent=442"}],"curies":[{"name":"wp","href":"https:\/\/api.w.org\/{rel}","templated":true}]}}