{"id":63,"date":"2022-07-29T11:49:36","date_gmt":"2022-07-29T11:49:36","guid":{"rendered":"https:\/\/www.sktperfectdemo.com\/themepack\/gbpodcast\/?page_id=63"},"modified":"2024-05-08T13:20:03","modified_gmt":"2024-05-08T13:20:03","slug":"about-us","status":"publish","type":"page","link":"https:\/\/radiocomercial.cv\/?page_id=63","title":{"rendered":"Sobre n\u00f3s"},"content":{"rendered":"\t\t<div data-elementor-type=\"wp-page\" data-elementor-id=\"63\" class=\"elementor elementor-63\" data-elementor-post-type=\"page\">\n\t\t\t\t<div class=\"elementor-element elementor-element-4d91753 e-flex e-con-boxed e-con e-parent\" data-id=\"4d91753\" data-element_type=\"container\" data-settings=\"{&quot;content_width&quot;:&quot;boxed&quot;}\" data-core-v316-plus=\"true\">\n\t\t\t\t\t<div class=\"e-con-inner\">\n\t\t\t\t<div class=\"elementor-element elementor-element-254f377 elementor-widget elementor-widget-text-editor\" data-id=\"254f377\" data-element_type=\"widget\" data-widget_type=\"text-editor.default\">\n\t\t\t\t<div class=\"elementor-widget-container\">\n\t\t\t<style>\/*! elementor - v3.19.0 - 07-02-2024 *\/\n.elementor-widget-text-editor.elementor-drop-cap-view-stacked .elementor-drop-cap{background-color:#69727d;color:#fff}.elementor-widget-text-editor.elementor-drop-cap-view-framed .elementor-drop-cap{color:#69727d;border:3px solid;background-color:transparent}.elementor-widget-text-editor:not(.elementor-drop-cap-view-default) .elementor-drop-cap{margin-top:8px}.elementor-widget-text-editor:not(.elementor-drop-cap-view-default) .elementor-drop-cap-letter{width:1em;height:1em}.elementor-widget-text-editor .elementor-drop-cap{float:left;text-align:center;line-height:1;font-size:50px}.elementor-widget-text-editor .elementor-drop-cap-letter{display:inline-block}<\/style>\t\t\t\t<p><strong>A R\u00e1dio Comercial de Cabo Verde<\/strong> \u00e9 uma institui\u00e7\u00e3o de comunica\u00e7\u00e3o social com mais de duas d\u00e9cadas (24 anos) no mercado Cabo-verdiano. Realiza diariamente vinte e quatro (24) horas de emiss\u00e3o, levando at\u00e9 aos ouvintes residentes assim como os que se encontram no estrangeiro, uma programa\u00e7\u00e3o variada que tem garantido uma audi\u00eancia boa para a esta\u00e7\u00e3o. Pode ser ouvida atrav\u00e9s da frequ\u00eancia 99.9 megahertz na cidade da Praia e arredores e em outras ilhas e 92.9 megahertz para S\u00e3o Domingos e outros concelhos da ilha de Santiago, Maio, Boavista, Fogo e Brava. Na internet \u00e0s pessoas podem nos ouvir\u00a0<a href=\"http:\/\/www.radiocomercial.cv\/\">www.radiocomercial.cv<\/a><\/p>\t\t\t\t\t\t<\/div>\n\t\t\t\t<\/div>\n\t\t\t\t\t<\/div>\n\t\t\t\t<\/div>\n\t\t<div class=\"elementor-element elementor-element-9264475 e-flex e-con-boxed e-con e-parent\" data-id=\"9264475\" data-element_type=\"container\" data-settings=\"{&quot;content_width&quot;:&quot;boxed&quot;}\" data-core-v316-plus=\"true\">\n\t\t\t\t\t<div class=\"e-con-inner\">\n\t\t\t\t<div class=\"elementor-element elementor-element-b5e6ff1 elementor-widget elementor-widget-text-editor\" data-id=\"b5e6ff1\" data-element_type=\"widget\" data-widget_type=\"text-editor.default\">\n\t\t\t\t<div class=\"elementor-widget-container\">\n\t\t\t\t\t\t\t<p>A responsabilidade social da R\u00e1dio Comercial de CV \u00e9 nobre, formar e informar os cidad\u00e3os com o prop\u00f3sito de promover a democracia e o desenvolvimento do pa\u00eds. A R\u00e1dio Comercial de CV disp\u00f5e de v\u00e1rios hor\u00e1rios dedicados a transmiss\u00e3o de avisos, an\u00fancios e spots publicit\u00e1rios. Ainda gravamos e produzimos programas institucionais e spots.<\/p>\t\t\t\t\t\t<\/div>\n\t\t\t\t<\/div>\n\t\t\t\t\t<\/div>\n\t\t\t\t<\/div>\n\t\t<div class=\"elementor-element elementor-element-b12085a e-flex e-con-boxed e-con e-parent\" data-id=\"b12085a\" data-element_type=\"container\" data-settings=\"{&quot;content_width&quot;:&quot;boxed&quot;}\" data-core-v316-plus=\"true\">\n\t\t\t\t\t<div class=\"e-con-inner\">\n\t\t\t\t<div class=\"elementor-element elementor-element-d53d92b elementor-widget elementor-widget-heading\" data-id=\"d53d92b\" data-element_type=\"widget\" data-widget_type=\"heading.default\">\n\t\t\t\t<div class=\"elementor-widget-container\">\n\t\t\t<style>\/*! elementor - v3.19.0 - 07-02-2024 *\/\n.elementor-heading-title{padding:0;margin:0;line-height:1}.elementor-widget-heading .elementor-heading-title[class*=elementor-size-]>a{color:inherit;font-size:inherit;line-height:inherit}.elementor-widget-heading .elementor-heading-title.elementor-size-small{font-size:15px}.elementor-widget-heading .elementor-heading-title.elementor-size-medium{font-size:19px}.elementor-widget-heading .elementor-heading-title.elementor-size-large{font-size:29px}.elementor-widget-heading .elementor-heading-title.elementor-size-xl{font-size:39px}.elementor-widget-heading .elementor-heading-title.elementor-size-xxl{font-size:59px}<\/style><h2 class=\"elementor-heading-title elementor-size-default\">Conhe\u00e7a a nossa equipa<\/h2>\t\t<\/div>\n\t\t\t\t<\/div>\n\t\t\t\t\t<\/div>\n\t\t\t\t<\/div>\n\t\t<div class=\"elementor-element elementor-element-42fbc7b e-flex e-con-boxed e-con e-parent\" data-id=\"42fbc7b\" data-element_type=\"container\" data-settings=\"{&quot;content_width&quot;:&quot;boxed&quot;}\" data-core-v316-plus=\"true\">\n\t\t\t\t\t<div class=\"e-con-inner\">\n\t\t<div class=\"elementor-element elementor-element-0aeeeb4 e-con-full e-flex e-con e-child\" data-id=\"0aeeeb4\" data-element_type=\"container\" data-settings=\"{&quot;content_width&quot;:&quot;full&quot;}\">\n\t\t\t\t<div class=\"elementor-element elementor-element-650dfe9 elementor-widget__width-initial elementor-widget elementor-widget-image\" data-id=\"650dfe9\" data-element_type=\"widget\" data-widget_type=\"image.default\">\n\t\t\t\t<div class=\"elementor-widget-container\">\n\t\t\t<style>\/*! elementor - v3.19.0 - 07-02-2024 *\/\n.elementor-widget-image{text-align:center}.elementor-widget-image a{display:inline-block}.elementor-widget-image a img[src$=\".svg\"]{width:48px}.elementor-widget-image img{vertical-align:middle;display:inline-block}<\/style>\t\t\t\t\t\t\t\t\t\t<img fetchpriority=\"high\" decoding=\"async\" width=\"1024\" height=\"768\" src=\"https:\/\/radiocomercial.cv\/wp-content\/uploads\/2024\/04\/Adilton-Agues-Jornalista-RC.jpg\" class=\"attachment-large size-large wp-image-699\" alt=\"\" srcset=\"https:\/\/radiocomercial.cv\/wp-content\/uploads\/2024\/04\/Adilton-Agues-Jornalista-RC.jpg 1024w, https:\/\/radiocomercial.cv\/wp-content\/uploads\/2024\/04\/Adilton-Agues-Jornalista-RC-300x225.jpg 300w, https:\/\/radiocomercial.cv\/wp-content\/uploads\/2024\/04\/Adilton-Agues-Jornalista-RC-768x576.jpg 768w\" sizes=\"(max-width: 1024px) 100vw, 1024px\" \/>\t\t\t\t\t\t\t\t\t\t\t\t\t<\/div>\n\t\t\t\t<\/div>\n\t\t\t\t<div class=\"elementor-element elementor-element-91f5d5e elementor-widget elementor-widget-text-editor\" data-id=\"91f5d5e\" data-element_type=\"widget\" data-widget_type=\"text-editor.default\">\n\t\t\t\t<div class=\"elementor-widget-container\">\n\t\t\t\t\t\t\t<p><strong>Adilton Agues<\/strong><br \/>Jornalista\u00a0<\/p>\t\t\t\t\t\t<\/div>\n\t\t\t\t<\/div>\n\t\t\t\t<\/div>\n\t\t<div class=\"elementor-element elementor-element-9ae917a e-con-full e-flex e-con e-child\" data-id=\"9ae917a\" data-element_type=\"container\" data-settings=\"{&quot;content_width&quot;:&quot;full&quot;}\">\n\t\t\t\t<div class=\"elementor-element elementor-element-42fc5a7 elementor-widget elementor-widget-image\" data-id=\"42fc5a7\" data-element_type=\"widget\" data-widget_type=\"image.default\">\n\t\t\t\t<div class=\"elementor-widget-container\">\n\t\t\t\t\t\t\t\t\t\t\t\t\t<img decoding=\"async\" width=\"1024\" height=\"768\" src=\"https:\/\/radiocomercial.cv\/wp-content\/uploads\/2024\/04\/Ligia-Tavares-Animadora-RC.jpg\" class=\"attachment-large size-large wp-image-702\" alt=\"\" srcset=\"https:\/\/radiocomercial.cv\/wp-content\/uploads\/2024\/04\/Ligia-Tavares-Animadora-RC.jpg 1024w, https:\/\/radiocomercial.cv\/wp-content\/uploads\/2024\/04\/Ligia-Tavares-Animadora-RC-300x225.jpg 300w, https:\/\/radiocomercial.cv\/wp-content\/uploads\/2024\/04\/Ligia-Tavares-Animadora-RC-768x576.jpg 768w\" sizes=\"(max-width: 1024px) 100vw, 1024px\" \/>\t\t\t\t\t\t\t\t\t\t\t\t\t<\/div>\n\t\t\t\t<\/div>\n\t\t\t\t<div class=\"elementor-element elementor-element-75aebcb elementor-widget elementor-widget-text-editor\" data-id=\"75aebcb\" data-element_type=\"widget\" data-widget_type=\"text-editor.default\">\n\t\t\t\t<div class=\"elementor-widget-container\">\n\t\t\t\t\t\t\t<p><strong>L\u00edgia Tavares\u00a0<\/strong><br \/>Animadora\/T\u00e9cnica<\/p>\t\t\t\t\t\t<\/div>\n\t\t\t\t<\/div>\n\t\t\t\t<\/div>\n\t\t<div class=\"elementor-element elementor-element-fd76ead e-con-full e-flex e-con e-child\" data-id=\"fd76ead\" data-element_type=\"container\" data-settings=\"{&quot;content_width&quot;:&quot;full&quot;}\">\n\t\t\t\t<div class=\"elementor-element elementor-element-2e0bab0 elementor-widget elementor-widget-image\" data-id=\"2e0bab0\" data-element_type=\"widget\" data-widget_type=\"image.default\">\n\t\t\t\t<div class=\"elementor-widget-container\">\n\t\t\t\t\t\t\t\t\t\t\t\t\t<img decoding=\"async\" width=\"1024\" height=\"768\" src=\"https:\/\/radiocomercial.cv\/wp-content\/uploads\/2024\/04\/Admir-Miranda-Animador-Foto-RC.jpg\" class=\"attachment-large size-large wp-image-701\" alt=\"\" srcset=\"https:\/\/radiocomercial.cv\/wp-content\/uploads\/2024\/04\/Admir-Miranda-Animador-Foto-RC.jpg 1024w, https:\/\/radiocomercial.cv\/wp-content\/uploads\/2024\/04\/Admir-Miranda-Animador-Foto-RC-300x225.jpg 300w, https:\/\/radiocomercial.cv\/wp-content\/uploads\/2024\/04\/Admir-Miranda-Animador-Foto-RC-768x576.jpg 768w\" sizes=\"(max-width: 1024px) 100vw, 1024px\" \/>\t\t\t\t\t\t\t\t\t\t\t\t\t<\/div>\n\t\t\t\t<\/div>\n\t\t\t\t<div class=\"elementor-element elementor-element-d16d1a2 elementor-widget elementor-widget-text-editor\" data-id=\"d16d1a2\" data-element_type=\"widget\" data-widget_type=\"text-editor.default\">\n\t\t\t\t<div class=\"elementor-widget-container\">\n\t\t\t\t\t\t\t<p><strong>Admir Miranda <\/strong><br>\nT\u00e9cnico\/Animador e Produtor<\/p>\t\t\t\t\t\t<\/div>\n\t\t\t\t<\/div>\n\t\t\t\t<\/div>\n\t\t\t\t\t<\/div>\n\t\t\t\t<\/div>\n\t\t<div class=\"elementor-element elementor-element-b57e8f5 e-con-full e-flex e-con e-parent\" data-id=\"b57e8f5\" data-element_type=\"container\" data-settings=\"{&quot;content_width&quot;:&quot;full&quot;}\" data-core-v316-plus=\"true\">\n\t\t<div class=\"elementor-element elementor-element-9d0f0d2 e-con-full e-flex e-con e-child\" data-id=\"9d0f0d2\" data-element_type=\"container\" data-settings=\"{&quot;content_width&quot;:&quot;full&quot;}\">\n\t\t\t\t<div class=\"elementor-element elementor-element-0ea0ea4 elementor-widget__width-initial elementor-widget elementor-widget-image\" data-id=\"0ea0ea4\" data-element_type=\"widget\" data-widget_type=\"image.default\">\n\t\t\t\t<div class=\"elementor-widget-container\">\n\t\t\t\t\t\t\t\t\t\t\t\t\t<img loading=\"lazy\" decoding=\"async\" width=\"768\" height=\"576\" src=\"https:\/\/radiocomercial.cv\/wp-content\/uploads\/2024\/04\/e.jpg\" class=\"attachment-large size-large wp-image-931\" alt=\"\" srcset=\"https:\/\/radiocomercial.cv\/wp-content\/uploads\/2024\/04\/e.jpg 768w, https:\/\/radiocomercial.cv\/wp-content\/uploads\/2024\/04\/e-300x225.jpg 300w\" sizes=\"(max-width: 768px) 100vw, 768px\" \/>\t\t\t\t\t\t\t\t\t\t\t\t\t<\/div>\n\t\t\t\t<\/div>\n\t\t\t\t<div class=\"elementor-element elementor-element-57b9198 elementor-widget elementor-widget-text-editor\" data-id=\"57b9198\" data-element_type=\"widget\" data-widget_type=\"text-editor.default\">\n\t\t\t\t<div class=\"elementor-widget-container\">\n\t\t\t\t\t\t\t<strong>Catarina Tavares<\/strong><br>\n\nSecret\u00e1ria Adminstrativa\t\t\t\t\t\t<\/div>\n\t\t\t\t<\/div>\n\t\t\t\t<\/div>\n\t\t<div class=\"elementor-element elementor-element-71dae05 e-con-full e-flex e-con e-child\" data-id=\"71dae05\" data-element_type=\"container\" data-settings=\"{&quot;content_width&quot;:&quot;full&quot;}\">\n\t\t\t\t<div class=\"elementor-element elementor-element-c22903c elementor-widget elementor-widget-image\" data-id=\"c22903c\" data-element_type=\"widget\" data-widget_type=\"image.default\">\n\t\t\t\t<div class=\"elementor-widget-container\">\n\t\t\t\t\t\t\t\t\t\t\t\t\t<img loading=\"lazy\" decoding=\"async\" width=\"768\" height=\"576\" src=\"https:\/\/radiocomercial.cv\/wp-content\/uploads\/2024\/04\/Djodjo.jpg\" class=\"attachment-large size-large wp-image-796\" alt=\"\" srcset=\"https:\/\/radiocomercial.cv\/wp-content\/uploads\/2024\/04\/Djodjo.jpg 768w, https:\/\/radiocomercial.cv\/wp-content\/uploads\/2024\/04\/Djodjo-300x225.jpg 300w\" sizes=\"(max-width: 768px) 100vw, 768px\" \/>\t\t\t\t\t\t\t\t\t\t\t\t\t<\/div>\n\t\t\t\t<\/div>\n\t\t\t\t<div class=\"elementor-element elementor-element-b71a980 elementor-widget elementor-widget-text-editor\" data-id=\"b71a980\" data-element_type=\"widget\" data-widget_type=\"text-editor.default\">\n\t\t\t\t<div class=\"elementor-widget-container\">\n\t\t\t\t\t\t\t<strong>Djodjo\u00a0<\/strong><br>\n\nAnimador e T\u00e9cnico\t\t\t\t\t\t<\/div>\n\t\t\t\t<\/div>\n\t\t\t\t<\/div>\n\t\t<div class=\"elementor-element elementor-element-57a2e44 e-con-full e-flex e-con e-child\" data-id=\"57a2e44\" data-element_type=\"container\" data-settings=\"{&quot;content_width&quot;:&quot;full&quot;}\">\n\t\t\t\t<div class=\"elementor-element elementor-element-b15976a elementor-widget elementor-widget-image\" data-id=\"b15976a\" data-element_type=\"widget\" data-widget_type=\"image.default\">\n\t\t\t\t<div class=\"elementor-widget-container\">\n\t\t\t\t\t\t\t\t\t\t\t\t\t<img loading=\"lazy\" decoding=\"async\" width=\"768\" height=\"576\" src=\"https:\/\/radiocomercial.cv\/wp-content\/uploads\/2024\/04\/Maria.jpg\" class=\"attachment-large size-large wp-image-798\" alt=\"\" srcset=\"https:\/\/radiocomercial.cv\/wp-content\/uploads\/2024\/04\/Maria.jpg 768w, https:\/\/radiocomercial.cv\/wp-content\/uploads\/2024\/04\/Maria-300x225.jpg 300w\" sizes=\"(max-width: 768px) 100vw, 768px\" \/>\t\t\t\t\t\t\t\t\t\t\t\t\t<\/div>\n\t\t\t\t<\/div>\n\t\t\t\t<div class=\"elementor-element elementor-element-74ec5d2 elementor-widget elementor-widget-text-editor\" data-id=\"74ec5d2\" data-element_type=\"widget\" data-widget_type=\"text-editor.default\">\n\t\t\t\t<div class=\"elementor-widget-container\">\n\t\t\t\t\t\t\t<strong>Maria Da Gl\u00f3ria\u00a0<\/strong><br>\n\nAjudante dos Servi\u00e7os Gerais\t\t\t\t\t\t<\/div>\n\t\t\t\t<\/div>\n\t\t\t\t<\/div>\n\t\t\t\t<\/div>\n\t\t<div class=\"elementor-element elementor-element-90f1083 e-flex e-con-boxed e-con e-parent\" data-id=\"90f1083\" data-element_type=\"container\" data-settings=\"{&quot;background_background&quot;:&quot;classic&quot;,&quot;content_width&quot;:&quot;boxed&quot;}\" data-core-v316-plus=\"true\">\n\t\t\t\t\t<div class=\"e-con-inner\">\n\t\t<div class=\"elementor-element elementor-element-e40a93d e-con-full e-flex e-con e-child\" data-id=\"e40a93d\" data-element_type=\"container\" data-settings=\"{&quot;content_width&quot;:&quot;full&quot;}\">\n\t\t<div class=\"elementor-element elementor-element-2b2054b e-flex e-con-boxed e-con e-child\" data-id=\"2b2054b\" data-element_type=\"container\" data-settings=\"{&quot;background_background&quot;:&quot;gradient&quot;,&quot;content_width&quot;:&quot;boxed&quot;}\">\n\t\t\t\t\t<div class=\"e-con-inner\">\n\t\t\t\t<div class=\"elementor-element elementor-element-6aab534 elementor-widget elementor-widget-shortcode\" data-id=\"6aab534\" data-element_type=\"widget\" data-widget_type=\"shortcode.default\">\n\t\t\t\t<div class=\"elementor-widget-container\">\n\t\t\t\t\t<div class=\"elementor-shortcode\">\n<div class=\"wpcf7 no-js\" id=\"wpcf7-f243-o1\" lang=\"en-US\" dir=\"ltr\">\n<div class=\"screen-reader-response\"><p role=\"status\" aria-live=\"polite\" aria-atomic=\"true\"><\/p> <ul><\/ul><\/div>\n<form action=\"\/index.php?rest_route=%2Fwp%2Fv2%2Fpages%2F63#wpcf7-f243-o1\" method=\"post\" class=\"wpcf7-form init\" aria-label=\"Contact form\" novalidate=\"novalidate\" data-status=\"init\">\n<div style=\"display: none;\">\n<input type=\"hidden\" name=\"_wpcf7\" value=\"243\" \/>\n<input type=\"hidden\" name=\"_wpcf7_version\" value=\"5.9.3\" \/>\n<input type=\"hidden\" name=\"_wpcf7_locale\" value=\"en_US\" \/>\n<input type=\"hidden\" name=\"_wpcf7_unit_tag\" value=\"wpcf7-f243-o1\" \/>\n<input type=\"hidden\" name=\"_wpcf7_container_post\" value=\"0\" \/>\n<input type=\"hidden\" name=\"_wpcf7_posted_data_hash\" value=\"\" \/>\n<\/div>\n<p><span class=\"wpcf7-form-control-wrap\" data-name=\"text-339\"><input size=\"40\" class=\"wpcf7-form-control wpcf7-text wpcf7-validates-as-required\" aria-required=\"true\" aria-invalid=\"false\" placeholder=\"Nome\" value=\"\" type=\"text\" name=\"text-339\" \/><\/span><br \/>\n<span class=\"wpcf7-form-control-wrap\" data-name=\"text-934\"><input size=\"40\" class=\"wpcf7-form-control wpcf7-text wpcf7-validates-as-required\" aria-required=\"true\" aria-invalid=\"false\" placeholder=\"\u00daltimo Nome\" value=\"\" type=\"text\" name=\"text-934\" \/><\/span><br \/>\n<span class=\"wpcf7-form-control-wrap\" data-name=\"email-829\"><input size=\"40\" class=\"wpcf7-form-control wpcf7-email wpcf7-validates-as-required wpcf7-text wpcf7-validates-as-email\" aria-required=\"true\" aria-invalid=\"false\" placeholder=\"Email\" value=\"\" type=\"email\" name=\"email-829\" \/><\/span><br \/>\n<span class=\"wpcf7-form-control-wrap\" data-name=\"text-295\"><input size=\"40\" class=\"wpcf7-form-control wpcf7-text wpcf7-validates-as-required\" aria-required=\"true\" aria-invalid=\"false\" placeholder=\"Assunto\" value=\"\" type=\"text\" name=\"text-295\" \/><\/span><br \/>\n<span class=\"wpcf7-form-control-wrap\" data-name=\"textarea-801\"><textarea cols=\"40\" rows=\"10\" class=\"wpcf7-form-control wpcf7-textarea wpcf7-validates-as-required\" aria-required=\"true\" aria-invalid=\"false\" placeholder=\"Mensagem\" name=\"textarea-801\"><\/textarea><\/span><br \/>\n<input class=\"wpcf7-form-control wpcf7-submit has-spinner\" type=\"submit\" value=\"Enviar\" \/>\n<\/p><div class=\"wpcf7-response-output\" aria-hidden=\"true\"><\/div>\n<\/form>\n<\/div>\n<\/div>\n\t\t\t\t<\/div>\n\t\t\t\t<\/div>\n\t\t\t\t\t<\/div>\n\t\t\t\t<\/div>\n\t\t\t\t<\/div>\n\t\t<div class=\"elementor-element elementor-element-c2e7c10 e-con-full e-flex e-con e-child\" data-id=\"c2e7c10\" data-element_type=\"container\" data-settings=\"{&quot;content_width&quot;:&quot;full&quot;}\">\n\t\t\t\t<div class=\"elementor-element elementor-element-3f82fd2 elementor-widget elementor-widget-heading\" data-id=\"3f82fd2\" data-element_type=\"widget\" data-widget_type=\"heading.default\">\n\t\t\t\t<div class=\"elementor-widget-container\">\n\t\t\t<h2 class=\"elementor-heading-title elementor-size-default\">Precisa de ajuda ou tem alguma pergunta?<\/h2>\t\t<\/div>\n\t\t\t\t<\/div>\n\t\t\t\t<div class=\"elementor-element elementor-element-49f3656 elementor-widget elementor-widget-text-editor\" data-id=\"49f3656\" data-element_type=\"widget\" data-widget_type=\"text-editor.default\">\n\t\t\t\t<div class=\"elementor-widget-container\">\n\t\t\t\t\t\t\t<p>Estamos aqui para ajudar! Se voc\u00ea tiver alguma d\u00favida sobre a nossa programa\u00e7\u00e3o, sugest\u00f5es musicais, ou qualquer outra quest\u00e3o relacionada \u00e0 nossa r\u00e1dio, n\u00e3o hesite em entrar em contato connosco. Estamos sempre prontos para atend\u00ea-lo e garantir a melhor experi\u00eancia auditiva poss\u00edvel.<\/p>\t\t\t\t\t\t<\/div>\n\t\t\t\t<\/div>\n\t\t\t\t<\/div>\n\t\t\t\t\t<\/div>\n\t\t\t\t<\/div>\n\t\t\t\t<\/div>\n\t\t","protected":false},"excerpt":{"rendered":"<p>A R\u00e1dio Comercial de Cabo Verde \u00e9 uma institui\u00e7\u00e3o de comunica\u00e7\u00e3o social com mais de duas d\u00e9cadas (24 anos) no mercado Cabo-verdiano. Realiza diariamente vinte e quatro (24) horas de emiss\u00e3o, levando at\u00e9 aos ouvintes residentes assim como os que se encontram no estrangeiro, uma programa\u00e7\u00e3o variada que tem garantido uma audi\u00eancia boa para a<br \/><a class=\"moretag\" href=\"https:\/\/radiocomercial.cv\/?page_id=63\">+ Read More<\/a><\/p>\n","protected":false},"author":1,"featured_media":0,"parent":0,"menu_order":0,"comment_status":"closed","ping_status":"closed","template":"templates\/page-builder.php","meta":{"footnotes":""},"class_list":["post-63","page","type-page","status-publish","hentry"],"featured_image_src":false,"featured_image_src_square":false,"rbea_author_info":{"display_name":"admin","author_link":"https:\/\/radiocomercial.cv\/?author=1"},"rbea_excerpt_info":"A R\u00e1dio Comercial de Cabo Verde \u00e9 uma institui\u00e7\u00e3o de comunica\u00e7\u00e3o social com mais de duas d\u00e9cadas (24 anos) no mercado Cabo-verdiano. Realiza diariamente vinte e quatro (24) horas de emiss\u00e3o, levando at\u00e9 aos ouvintes residentes assim como os que se encontram no estrangeiro, uma programa\u00e7\u00e3o variada que tem garantido uma audi\u00eancia boa para a<br><a class=\"moretag\" href=\"https:\/\/radiocomercial.cv\/?page_id=63\">+ Read More<\/a>","_links":{"self":[{"href":"https:\/\/radiocomercial.cv\/index.php?rest_route=\/wp\/v2\/pages\/63","targetHints":{"allow":["GET"]}}],"collection":[{"href":"https:\/\/radiocomercial.cv\/index.php?rest_route=\/wp\/v2\/pages"}],"about":[{"href":"https:\/\/radiocomercial.cv\/index.php?rest_route=\/wp\/v2\/types\/page"}],"author":[{"embeddable":true,"href":"https:\/\/radiocomercial.cv\/index.php?rest_route=\/wp\/v2\/users\/1"}],"replies":[{"embeddable":true,"href":"https:\/\/radiocomercial.cv\/index.php?rest_route=%2Fwp%2Fv2%2Fcomments&post=63"}],"version-history":[{"count":37,"href":"https:\/\/radiocomercial.cv\/index.php?rest_route=\/wp\/v2\/pages\/63\/revisions"}],"predecessor-version":[{"id":1101,"href":"https:\/\/radiocomercial.cv\/index.php?rest_route=\/wp\/v2\/pages\/63\/revisions\/1101"}],"wp:attachment":[{"href":"https:\/\/radiocomercial.cv\/index.php?rest_route=%2Fwp%2Fv2%2Fmedia&parent=63"}],"curies":[{"name":"wp","href":"https:\/\/api.w.org\/{rel}","templated":true}]}}